{"id":6424,"date":"2024-04-08T13:34:14","date_gmt":"2024-04-08T10:34:14","guid":{"rendered":"http:\/\/www.adbox.lv\/?page_id=6424"},"modified":"2024-04-08T13:34:46","modified_gmt":"2024-04-08T10:34:46","slug":"partneri-cpm-article","status":"publish","type":"page","link":"https:\/\/www.adbox.lv\/?page_id=6424","title":{"rendered":"Partneri \/ CPM [ARTICLE]"},"content":{"rendered":"<p><br \/>\n<!-- SECTIONS DRAW --><\/p>\n<p>            <!-- ==== Section #12 ==== --><\/p>\n<section class=\"section12 n0-section12\" id=\"sectionUniqueID_2\">\n<div class=\"container\">\n<div class=\"row\">\n<div class=\"col-md-7 mx-auto text-center\">\n<h3>CPM partneri<\/h3>\n<\/p><\/div>\n<div class=\"col-10 mx-auto\">\n<h3 style=\"margin:15px 0px;text-align:center;\"><\/h3>\n<div class=\"paragraph_section12\"> <span style=\"font-weight: bold;\">Gigabaneri<\/span> <\/p>\n<ul>\n<li>draugiem<\/li>\n<li>tv3<\/li>\n<li>tvnet<\/li>\n<li>nra<\/li>\n<li>apollo<\/li>\n<li>sejas<\/li>\n<li>spoki<\/li>\n<li>receptes<\/li>\n<li>pietiek<\/li>\n<li>slavenibas<\/li>\n<li>holmss<\/li>\n<li>amizanti<\/li>\n<li>dziveskurpes<\/li>\n<li>pride<\/li>\n<li>ereceptes<\/li>\n<li>arenanet<\/li>\n<\/ul>\n<p> \t<span style=\"font-weight: bold;\">Dinamika<\/span> \t<\/p>\n<ul>\n<li>nra<\/li>\n<li>krusttevs<\/li>\n<li>vipi<\/li>\n<li>slavenibas<\/li>\n<li>holmss<\/li>\n<li>pietiek<\/li>\n<li>amizanti<\/li>\n<li>dziveskurpes<\/li>\n<li>pride<\/li>\n<li>abiem<\/li>\n<li>ereceptes<\/li>\n<li>eizklaide<\/li>\n<li>arenanet<\/li>\n<\/ul>\n<p> <span style=\"font-style: italic;\">Port\u0101lu saraksts var main\u012bties atkar\u012bb\u0101 no izv\u0113l\u0113tajiem  baneru izm\u0113riem.<\/span><\/p>\n<\/div><\/div>\n<\/p><\/div>\n<\/p><\/div>\n<\/section>\n<p>            <!-- == End Section #12 == --><\/p>\n<p><!-- END OF SECTION DRAW--><\/p>","protected":false},"excerpt":{"rendered":"<p>CPM partneri Gigabaneri draugiem tv3 tvnet nra apollo sejas spoki receptes pietiek slavenibas holmss amizanti dziveskurpes pride ereceptes arenanet Dinamika nra krusttevs vipi slavenibas holmss pietiek amizanti dziveskurpes pride abiem ereceptes eizklaide arenanet Port\u0101lu saraksts var main\u012bties atkar\u012bb\u0101 no izv\u0113l\u0113tajiem baneru izm\u0113riem.<\/p>\n","protected":false},"author":1,"featured_media":0,"parent":0,"menu_order":0,"comment_status":"closed","ping_status":"closed","template":"page-article.php","meta":[],"_links":{"self":[{"href":"https:\/\/www.adbox.lv\/index.php?rest_route=\/wp\/v2\/pages\/6424"}],"collection":[{"href":"https:\/\/www.adbox.lv\/index.php?rest_route=\/wp\/v2\/pages"}],"about":[{"href":"https:\/\/www.adbox.lv\/index.php?rest_route=\/wp\/v2\/types\/page"}],"author":[{"embeddable":true,"href":"https:\/\/www.adbox.lv\/index.php?rest_route=\/wp\/v2\/users\/1"}],"replies":[{"embeddable":true,"href":"https:\/\/www.adbox.lv\/index.php?rest_route=%2Fwp%2Fv2%2Fcomments&post=6424"}],"version-history":[{"count":3,"href":"https:\/\/www.adbox.lv\/index.php?rest_route=\/wp\/v2\/pages\/6424\/revisions"}],"predecessor-version":[{"id":6432,"href":"https:\/\/www.adbox.lv\/index.php?rest_route=\/wp\/v2\/pages\/6424\/revisions\/6432"}],"wp:attachment":[{"href":"https:\/\/www.adbox.lv\/index.php?rest_route=%2Fwp%2Fv2%2Fmedia&parent=6424"}],"curies":[{"name":"wp","href":"https:\/\/api.w.org\/{rel}","templated":true}]}}