{"id":6322,"date":"2024-02-28T12:32:21","date_gmt":"2024-02-28T09:32:21","guid":{"rendered":"http:\/\/www.adbox.lv\/?page_id=6322"},"modified":"2025-02-04T14:43:20","modified_gmt":"2025-02-04T11:43:20","slug":"piemaksas-article","status":"publish","type":"page","link":"https:\/\/www.adbox.lv\/?page_id=6322","title":{"rendered":"Piemaksas &#8211; [ARTICLE]"},"content":{"rendered":"<p><!-- SECTIONS DRAW --><\/p>\n<p>            <!-- ==== Section #12 ==== --><\/p>\n<section class=\"section12 n0-section12\" id=\"sectionUniqueID_2\">\n<div class=\"container\">\n<div class=\"row\">\n<div class=\"col-md-7 mx-auto text-center\">\n<h3>Piemaksas Adbox t\u012bkl\u0101<\/h3>\n<\/p><\/div>\n<div class=\"col-10 mx-auto\">\n<h3 style=\"margin:15px 0px;text-align:center;\"><\/h3>\n<div class=\"paragraph_section12\"><\/p>\n<div style=\"overflow-x: auto;\">\n<table style=\"width:100%\">\n<tr>\n<td>\u00a0<\/td>\n<\/tr>\n<tr style=\"font-weight:bold;background-color:#c6d2db;\">\n<td style=\"min-width:300px\">Segment\u0101cija<\/td>\n<td style=\"min-width:150px\">Piemaksa<\/td>\n<td style=\"min-width:150px\">Koment\u0101rs<\/td>\n<\/tr>\n<tr>\n<td>Dzimums<\/td>\n<td>15%<\/td>\n<td>&#8211;<\/td>\n<\/tr>\n<tr>\n<td>Vecums<\/td>\n<td>15%<\/td>\n<td>&#8211;<\/td>\n<\/tr>\n<tr>\n<td>Geo<\/td>\n<td>25%<\/td>\n<td>&#8211;<\/td>\n<\/tr>\n<tr>\n<td>Laiks (diena, stunda)<\/td>\n<td>25%<\/td>\n<td>&#8211;<\/td>\n<\/tr>\n<tr>\n<td>Retargetings<\/td>\n<td>30%<\/td>\n<td>&#8211;<\/td>\n<\/tr>\n<tr>\n<td>Nestandarta kapings\/frekvence<\/td>\n<td>25%<\/td>\n<td>&#8211;<\/td>\n<\/tr>\n<tr>\n<td>Video serv\u0113\u0161ana<\/td>\n<td>25%<\/td>\n<td>&#8211;<\/td>\n<\/tr>\n<tr>\n<td>Inscreen<\/td>\n<td>50%<\/td>\n<td>&#8211;<\/td>\n<\/tr>\n<tr>\n<td>Nestandarta rekl\u0101mas risin\u0101jumi     <\/td>\n<td>25%-50%<\/td>\n<td>&#8211;<\/td>\n<\/tr>\n<\/table>\n<\/div>\n<p><\/div>\n<h3 style=\"margin:15px 0px;text-align:center;\">Piemaksas E-klase.lv<\/h3>\n<div class=\"paragraph_section12\"> <span style=\"font-weight: bold;\">Piemaksas Port\u0101ls<\/span> <\/p>\n<div style=\"overflow-x: auto;\">\n<table style=\"width:100%\">\n<tr>\n<td>\u00a0<\/td>\n<\/tr>\n<tr style=\"font-weight:bold;background-color:#c6d2db;\">\n<td style=\"min-width:300px\">Segment\u0101cija<\/td>\n<td style=\"min-width:150px\">Piemaksa<\/td>\n<td style=\"min-width:150px\">Koment\u0101rs<\/td>\n<\/tr>\n<tr>\n<td>Dzimums<\/td>\n<td>25%<\/td>\n<td>&#8211;<\/td>\n<\/tr>\n<tr>\n<td>Vecums<\/td>\n<td>25%<\/td>\n<td>&#8211;<\/td>\n<\/tr>\n<tr>\n<td>Geo<\/td>\n<td>25%<\/td>\n<td>&#8211;<\/td>\n<\/tr>\n<tr>\n<td>Laiks (diena, stunda)<\/td>\n<td>25%<\/td>\n<td>&#8211;<\/td>\n<\/tr>\n<tr>\n<td>Retargetings<\/td>\n<td>30%<\/td>\n<td>&#8211;<\/td>\n<\/tr>\n<tr>\n<td>Nestandarta kapings\/frekvence<\/td>\n<td>25%<\/td>\n<td>&#8211;<\/td>\n<\/tr>\n<tr>\n<td>Video serv\u0113\u0161ana<\/td>\n<td>25%<\/td>\n<td>&#8211;<\/td>\n<\/tr>\n<tr>\n<td>Inscreen<\/td>\n<td>50%<\/td>\n<td>&#8211;<\/td>\n<\/tr>\n<tr>\n<td>Nestandarta rekl\u0101mas risin\u0101jumi<\/td>\n<td>25%-50%<\/td>\n<td>&#8211;<\/td>\n<\/tr>\n<\/table>\n<\/div>\n<p> <span style=\"font-weight: bold;\">Piemaksas Skolvad\u012bba<\/span> <\/p>\n<div style=\"overflow-x: auto;\">\n<table style=\"width:100%\">\n<tr>\n<td>\u00a0<\/td>\n<\/tr>\n<tr style=\"font-weight:bold;background-color:#c6d2db;\">\n<td style=\"min-width:300px\">Segment\u0101cija<\/td>\n<td style=\"min-width:150px\">Piemaksa<\/td>\n<td style=\"min-width:150px\">Koment\u0101rs<\/td>\n<\/tr>\n<tr>\n<td>Skol\u0113na segment\u0101cija p\u0113c klases<\/td>\n<td> 25%<\/td>\n<td>&#8211;<\/td>\n<\/tr>\n<tr>\n<td>Vec\u0101ku segment\u0101cija p\u0113c skol\u0113na klases<\/td>\n<td> 25%<\/td>\n<td>&#8211;<\/td>\n<\/tr>\n<tr>\n<td>Vec\u0101ku segment\u0101cija p\u0113c dzimuma<\/td>\n<td> 25%<\/td>\n<td>&#8211;<\/td>\n<\/tr>\n<tr>\n<td>Video serv\u0113\u0161ana<\/td>\n<td> 25%<\/td>\n<td>&#8211;<\/td>\n<\/tr>\n<tr>\n<td>Geo <\/td>\n<td>25%<\/td>\n<td>&#8211;<\/td>\n<\/tr>\n<tr>\n<td>Laiks (diena, stunda)<\/td>\n<td>25%<\/td>\n<td>&#8211;<\/td>\n<\/tr>\n<tr>\n<td>Nestandarta kappings\/frekvence<\/td>\n<td>25%<\/td>\n<td>&#8211;<\/td>\n<\/tr>\n<\/table>\n<\/div>\n<\/div><\/div>\n<\/p><\/div>\n<\/p><\/div>\n<\/section>\n<p>            <!-- == End Section #12 == --><\/p>\n<p><!-- END OF SECTION DRAW--><\/p>","protected":false},"excerpt":{"rendered":"<p>Piemaksas Adbox t\u012bkl\u0101 \u00a0 Segment\u0101cija Piemaksa Koment\u0101rs Dzimums 15% &#8211; Vecums 15% &#8211; Geo 25% &#8211; Laiks (diena, stunda) 25% &#8211; Retargetings 30% &#8211; Nestandarta kapings\/frekvence 25% &#8211; Video serv\u0113\u0161ana 25% &#8211; Inscreen 50% &#8211; Nestandarta rekl\u0101mas risin\u0101jumi 25%-50% &#8211; Piemaksas E-klase.lv Piemaksas Port\u0101ls \u00a0 Segment\u0101cija Piemaksa Koment\u0101rs Dzimums 25% &#8211; Vecums 25% &#8211; Geo [&hellip;]<\/p>\n","protected":false},"author":1,"featured_media":0,"parent":0,"menu_order":0,"comment_status":"closed","ping_status":"closed","template":"page-article.php","meta":[],"_links":{"self":[{"href":"https:\/\/www.adbox.lv\/index.php?rest_route=\/wp\/v2\/pages\/6322"}],"collection":[{"href":"https:\/\/www.adbox.lv\/index.php?rest_route=\/wp\/v2\/pages"}],"about":[{"href":"https:\/\/www.adbox.lv\/index.php?rest_route=\/wp\/v2\/types\/page"}],"author":[{"embeddable":true,"href":"https:\/\/www.adbox.lv\/index.php?rest_route=\/wp\/v2\/users\/1"}],"replies":[{"embeddable":true,"href":"https:\/\/www.adbox.lv\/index.php?rest_route=%2Fwp%2Fv2%2Fcomments&post=6322"}],"version-history":[{"count":8,"href":"https:\/\/www.adbox.lv\/index.php?rest_route=\/wp\/v2\/pages\/6322\/revisions"}],"predecessor-version":[{"id":6512,"href":"https:\/\/www.adbox.lv\/index.php?rest_route=\/wp\/v2\/pages\/6322\/revisions\/6512"}],"wp:attachment":[{"href":"https:\/\/www.adbox.lv\/index.php?rest_route=%2Fwp%2Fv2%2Fmedia&parent=6322"}],"curies":[{"name":"wp","href":"https:\/\/api.w.org\/{rel}","templated":true}]}}