{"id":5601,"date":"2021-11-26T11:07:44","date_gmt":"2021-11-26T08:07:44","guid":{"rendered":"http:\/\/www.adbox.lv\/?page_id=5601"},"modified":"2025-11-10T17:18:32","modified_gmt":"2025-11-10T14:18:32","slug":"sikdatnu-politika","status":"publish","type":"page","link":"https:\/\/www.adbox.lv\/?page_id=5601","title":{"rendered":"S\u012bkdat\u0146u politika"},"content":{"rendered":"<p><\/p>\n<div style=\"margin-left:30px;margin-right:30px;margin-top:30px;\">\n<style>\n        table.tbl-cookies, .tbl-cookies td, .tbl-cookies th {\n            border: 1px solid;\n        }\n        table.tbl-cookies{\n            padding:0% 5%;\n            margin-left:auto;\n            margin-right:auto;\n            max-width:70%;\n            margin-top:20px;\n            margin-bottom:20px;\n            text-align:center;\n        }\n        .tbl-cookies td,.tbl-cookies th{\n            font-size:16px;\n            padding:0 10px;\n        }\n    <\/style>\n<h1 style=\"text-align:center;margin-bottom:35px;\">S\u012bkdat\u0146u politika<\/h1>\n<p><\/p>\n<p style=\"margin-top:15px;text-indent: 50px;\">AD BOX ir digit\u0101lo mediju uz\u0146\u0113mums, kura juridisk\u0101 adrese ir: Matro\u017eu iela 15, 5. st\u0101vs, R\u012bga, LV-1048 Latvija (turpm\u0101k tekst\u0101 &#8220;AD BOX&#8221;, re\u0123istr\u0101cijas numurs: 40003987574, &#8220;M\u0113s&#8221; vai &#8220;Mums&#8221;). AD BOX ir \u0161\u012bs T\u012bmek\u013ca vietnes \u012bpa\u0161nieks un sniedz pakalpojumus izdev\u0113jiem, rekl\u0101mdev\u0113jiem un citiem uz\u0146\u0113mumiem (m\u016bsu &#8220;Klienti&#8221;), kas \u013cauj tiem pl\u0101not un \u012bstenot digit\u0101lo mediju rekl\u0101mas kampa\u0146as un nov\u0113rt\u0113t \u0161o kampa\u0146u veiktsp\u0113ju (&#8220;Pakalpojumi&#8221;).<\/p>\n<p style=\"margin-top:15px;text-indent: 50px;\">\u0160aj\u0101 S\u012bkdat\u0146u politik\u0101 ir aprakst\u012bts, k\u0101 Vietne v\u0101c, izmanto un kop\u012bgo j\u016bsu personisko inform\u0101ciju, kam\u0113r j\u016bs to apmekl\u0113jat. Kad j\u016bs apmekl\u0113jat Vietni, m\u0113s autom\u0101tiski apkopojam noteiktu inform\u0101ciju par j\u016bsu ier\u012bci. Personas dati var tikt v\u0101kti autom\u0101tiski vai ar j\u016bsu skaidru un nep\u0101rprotamu piekri\u0161anu. Tiks apkopotas \u0161\u0101das s\u012bkdat\u0146u kategorijas:<\/p>\n<ul style=\"font-weight:700;font-size:24px;padding:0% 5%;margin-top:15px;\">\n<li style=\"list-style: inside;\">S\u012bkdatnes m\u016bsu T\u012bmek\u013ca vietn\u0113;<\/li>\n<li style=\"list-style: inside;\">m\u016bsu s\u012bkfaili, kas tiek izmantoti izdev\u0113ju klientu t\u012bmek\u013ca vietn\u0113s;<\/li>\n<\/ul>\n<h2 style=\"margin-top:25px;text-align:center;\">1. S\u012bkdat\u0146u atsp\u0113jo\u0161ana<\/h2>\n<p style=\"margin-top:15px;text-indent: 50px;\">Ja nepiekr\u012btat \u0161o s\u012bkfailu izmanto\u0161anai, l\u016bdzu, atsp\u0113jojiet tos, izpildot \u0161eit sniegtos nor\u0101d\u012bjumus savai p\u0101rl\u016bkprogrammai, vai izmantojiet t\u0101l\u0101k pieejamos automatiz\u0113tos atsp\u0113jo\u0161anas r\u012bkus. L\u016bdzu, \u0146emiet v\u0113r\u0101, ka da\u017ei pakalpojumi nedarbosies tik labi, ja s\u012bkfaili tiks atsp\u0113joti.<\/p>\n<p style=\"margin-top:15px;text-indent: 50px;\">Ja organiz\u0101cija, kas nosaka s\u012bkfailu, nodro\u0161ina automatiz\u0113tu atsp\u0113jo\u0161anas r\u012bku attiec\u012bb\u0101 uz savu(-iem) s\u012bkfailu(-iem), m\u0113s nor\u0101d\u0101m \u0161\u012bs organiz\u0101cijas nosaukumu, t\u0101s iestat\u012bto s\u012bkdat\u0146u kategoriju kop\u0101 ar saiti uz t\u0101s automatiz\u0113to atsp\u0113jo\u0161anas r\u012bku. Visos citos gad\u012bjumos m\u0113s uzskait\u0101m pa\u0161u s\u012bkfailu nosaukumus un to avotu \u0161\u012bs s\u012bkfailu politikas datum\u0101, lai j\u016bs var\u0113tu tos viegli identific\u0113t un atsp\u0113jot, ja v\u0113laties, izmantojot p\u0101rl\u016bkprogrammas vad\u012bklas.<\/p>\n<p style=\"margin-top:15px;text-indent: 50px;\">Da\u017eas p\u0101rl\u016bkprogrammas \u013cauj jums signaliz\u0113t, ka nev\u0113laties, lai tiktu izsekotas j\u016bsu interneta p\u0101rl\u016bko\u0161anas darb\u012bbas. Izseko\u0161anas atsp\u0113jo\u0161ana var trauc\u0113t jums izmantot T\u012bmek\u013ca vietni un T\u012bmek\u013ca vietn\u0113 sniegtos pakalpojumus.<\/p>\n<p style=\"margin-top:15px;text-indent: 50px;\">P\u0113c j\u016bsu s\u0101kotn\u0113j\u0101 T\u012bmek\u013ca vietnes apmekl\u0113juma m\u0113s varam main\u012bt m\u016bsu izmantot\u0101s s\u012bkdatnes. \u0160\u012b s\u012bkdat\u0146u politika vienm\u0113r \u013caus jums uzzin\u0101t, kas un k\u0101dam nol\u016bkam ievieto s\u012bkfailus, un sniegs jums l\u012bdzek\u013cus, lai tos atsp\u0113jotu, t\u0101p\u0113c jums tas laiku pa laikam j\u0101p\u0101rbauda.<\/p>\n<h2 style=\"margin-top:25px;text-align:center;\">2. S\u012bkdatnes m\u016bsu t\u012bmek\u013ca vietn\u0113<\/h2>\n<p style=\"margin-top:15px;text-indent: 50px;\">S\u012bkdatnes ir nelielas teksta datnes, kuras m\u0113s ievietojam j\u016bsu dator\u0101, kam\u0113r j\u016bs apmekl\u0113jat m\u016bsu vietni. S\u012bkdatn\u0113s saglab\u0101tie dati izmanto identifikatorus, kas ir unik\u0101li j\u016bsu ier\u012bcei, t\u0101p\u0113c m\u0113s varam identific\u0113t prec\u012bzu ier\u012bci. L\u016bdzu, \u0146emiet v\u0113r\u0101, ka j\u016bs varat manu\u0101li piel\u0101got s\u012bkfailus un atsp\u0113jot jebkuru\/visus no tiem, izmantojot p\u0101rl\u016bkprogrammas iestat\u012bjumus un t\u012bmek\u013ca vietn\u0113 pieejamo s\u012bkdat\u0146u rekl\u0101mkarogu.<\/p>\n<p style=\"margin-top:15px;text-indent: 50px;\">Izmanto\u0161anas m\u0113r\u0137is: m\u0113s izmantojam oblig\u0101ti nepiecie\u0161am\u0101s s\u012bkdatnes t\u012bmek\u013ca vietnes un pakalpojumu tehniskajai uztur\u0113\u0161anai. \u0160\u012bs s\u012bkdatnes pal\u012bdz mums aizsarg\u0101t j\u016bsu datus un Pakalpojumus.<\/p>\n<h2 style=\"margin-top:15px;\">2.1. Stingri nepiecie\u0161am\u0101s s\u012bkdatnes<\/h2>\n<p style=\"margin-top:15px;text-indent: 50px;\">\u0160\u012bs s\u012bkdatnes ir b\u016btiskas, lai j\u016bs var\u0113tu p\u0101rvietoties t\u012bmek\u013ca vietn\u0113 un izmantot t\u0101s funkcijas. Bez \u0161iem s\u012bkfailiem nav iesp\u0113jams nodro\u0161in\u0101t j\u016bsu piepras\u012btos pakalpojumus (piem\u0113ram, navig\u0101ciju starp lap\u0101m).<\/p>\n<table class=\"tbl-cookies\">\n<thead>\n<tr style=\"font-weight:700;\">\n<th>S\u012bkdatnes nosaukums<\/th>\n<th>Uz\u0146\u0113m\u0113jas<\/th>\n<th>M\u0113r\u0137is<\/th>\n<th>Saglab\u0101\u0161anas periods<\/th>\n<th>Nepiecie\u0161am\u012bba<\/th>\n<\/tr>\n<\/thead>\n<tbody>\n<tr>\n<td>bxID<\/td>\n<td>Adbox.lv<\/td>\n<td>Pie\u0161\u0137ir unik\u0101lu lietot\u0101ja ID, ko ADBOX izmanto attiecin\u0101juma un p\u0101rskatu veido\u0161anas nol\u016bkos, k\u0101 ar\u012b lai piel\u0101gotu ieteikumus \u0161im konkr\u0113tajam lietot\u0101jam.<\/td>\n<td>1 gads<\/td>\n<td>Oblig\u0101ti<\/td>\n<\/tr>\n<\/tbody>\n<\/table>\n<p style=\"margin-top:15px;text-indent: 50px;\">M\u0113s piek\u013c\u016bsim \u0161\u0101dai inform\u0101cijai un izmantosim to, ja konstat\u0113sim Vietnes ievainojam\u012bbu, k\u013c\u016bdu vai av\u0101riju, lai noteiktu \u0161\u0101das darb\u012bbas trauc\u0113jumu iemeslu un to atbilsto\u0161i nov\u0113rstu. Pret\u0113j\u0101 gad\u012bjum\u0101 m\u0113s nevar\u0113tu sapr\u0101t\u012bgi noteikt \u0161\u0101das darb\u012bbas trauc\u0113jumu iemeslu. \u0160\u0101das inform\u0101cijas apstr\u0101des juridiskais pamats ir m\u016bsu likum\u012bg\u0101s intereses nodro\u0161in\u0101t T\u012bmek\u013ca vietnes un t\u0101s funkcionalit\u0101tes dro\u0161\u012bbu, nep\u0101rtraukt\u012bbu un pieejam\u012bbu.<\/p>\n<h2 style=\"margin-top:15px;\">2.2. Veiktsp\u0113jas s\u012bkdatnes<\/h2>\n<p style=\"margin-top:15px;text-indent: 50px;\">M\u0113s izmantojam anal\u012btisk\u0101s s\u012bkdatnes, lai analiz\u0113tu, k\u0101 m\u016bsu apmekl\u0113t\u0101ji izmanto m\u016bsu vietni, un lai uzraudz\u012btu vietnes veiktsp\u0113ju. Tas \u013cauj mums nodro\u0161in\u0101t augstas kvalit\u0101tes pieredzi, piel\u0101gojot m\u016bsu pied\u0101v\u0101jumu un \u0101tri identific\u0113jot un nov\u0113r\u0161ot radu\u0161\u0101s probl\u0113mas. Piem\u0113ram, m\u0113s varam izmantot veiktsp\u0113jas s\u012bkfailus, lai izsekotu, kuras lapas ir vispopul\u0101r\u0101k\u0101s, kura sai\u0161u veido\u0161anas metode starp lap\u0101m ir visefekt\u012bv\u0101k\u0101, un lai noteiktu, k\u0101p\u0113c da\u017eas lapas sa\u0146em k\u013c\u016bdu zi\u0146ojumus. M\u0113s varam ar\u012b izmantot \u0161os s\u012bkfailus, lai izceltu rakstus vai vietnes pakalpojumus, kas, m\u016bsupr\u0101t, j\u016bs interes\u0113s, pamatojoties uz to, k\u0101 j\u016bs izmantojat vietni. \u0160o s\u012bkdat\u0146u apkopoto inform\u0101ciju m\u0113s vai m\u016bsu darbuz\u0146\u0113m\u0113ji nesaista ar j\u016bsu personisko inform\u0101ciju.<\/p>\n<table class=\"tbl-cookies\">\n<thead>\n<tr style=\"font-weight:700;\">\n<th>S\u012bkdatnes nosaukums<\/th>\n<th>Uz\u0146\u0113m\u0113jas<\/th>\n<th>M\u0113r\u0137is<\/th>\n<th>Saglab\u0101\u0161anas periods<\/th>\n<th>Nepiecie\u0161am\u012bba<\/th>\n<\/tr>\n<\/thead>\n<tbody>\n<tr>\n<td>_ga<\/td>\n<td><a href=\"https:\/\/policies.google.com\/privacy?hl=en-US\" target='_blank' rel=\"noopener\">Google Inc<\/a><\/td>\n<td>\u0160is s\u012bkfaila nosaukums ir saist\u012bts ar Google Universal Analytics, kas ir b\u016btisks Google bie\u017e\u0101k izmantot\u0101 anal\u012bzes pakalpojuma atjaunin\u0101jums. \u0160is s\u012bkfails tiek izmantots, lai at\u0161\u0137irtu unik\u0101los lietot\u0101jus, pie\u0161\u0137irot nejau\u0161i \u0123ener\u0113tu numuru k\u0101 klienta identifikatoru. Tas tiek iek\u013cauts katr\u0101 vietnes lapas piepras\u012bjum\u0101 un izmantots, lai apr\u0113\u0137in\u0101tu apmekl\u0113t\u0101ju, sesiju un kampa\u0146u datus viet\u0146u anal\u012bzes p\u0101rskatiem.<\/td>\n<td>2 gadi<\/td>\n<td>Neoblig\u0101ti<\/td>\n<\/tr>\n<tr>\n<td>_gid<\/td>\n<td><a href=\"https:\/\/policies.google.com\/privacy?hl=en-US\" target='_blank' rel=\"noopener\">Google Inc<\/a><\/td>\n<td>\u0160o s\u012bkfailu iestata Google Analytics. Tas saglab\u0101 un atjaunina unik\u0101lu v\u0113rt\u012bbu katrai apmekl\u0113tajai lapai un tiek izmantots, lai saskait\u012btu un izsekotu lapas skat\u012bjumus.<\/td>\n<td>1 diena<\/td>\n<td>Neoblig\u0101ti<\/td>\n<\/tr>\n<\/tbody>\n<\/table>\n<p style=\"margin-top:15px;text-indent: 50px;\">\u0160ie s\u012bkdat\u0146u faili ir past\u0101v\u012bgi. \u0160\u0101da veida s\u012bkfails nevar pal\u012bdz\u0113t mums identific\u0113t j\u016bs vai citus vietnes lietot\u0101jus. Visa inform\u0101cija, kas sav\u0101kta, izmantojot \u0161\u012bs s\u012bkdatnes, ir anonimiz\u0113ta un var tikai pal\u012bdz\u0113t mums uzlabot visp\u0101r\u0113jo vietnes veiktsp\u0113ju. \u0160o s\u012bkfailu nolieg\u0161ana var pazemin\u0101t m\u016bsu sniegto pakalpojumu kvalit\u0101ti.<\/p>\n<h2 style=\"margin-top:15px;\">2.3. FUNKCIONALIT\u0100TES S\u012aKDATNES<\/h2>\n<table class=\"tbl-cookies\">\n<thead>\n<tr style=\"font-weight:700;\">\n<th>S\u012bkdatnes nosaukums<\/th>\n<th>Uz\u0146\u0113m\u0113jas<\/th>\n<th>M\u0113r\u0137is<\/th>\n<th>Saglab\u0101\u0161anas periods<\/th>\n<th>Nepiecie\u0161am\u012bba<\/th>\n<\/tr>\n<\/thead>\n<tbody>\n<tr>\n<td>qtrans_front_language<\/td>\n<td>Adbox.lv<\/td>\n<td>Saglab\u0101 lietot\u0101ja valodas preferences t\u012bmek\u013ca vietnei<\/td>\n<td>1 gads<\/td>\n<td>Oblig\u0101ti<\/td>\n<\/tr>\n<tr>\n<td>allowCookies<\/td>\n<td>Adbox.lv<\/td>\n<td>Re\u0123istr\u0113, k\u0101das s\u012bkdatnes lietot\u0101js ir apstiprin\u0101jis.<\/td>\n<td>1 gads<\/td>\n<td>Nepiecie\u0161ams<\/td>\n<\/tr>\n<\/tbody>\n<\/table>\n<h2 style=\"margin-top:25px;text-align:center;\">3. M\u016bsu s\u012bkfaili, kas tiek izmantoti izdev\u0113ju klientu t\u012bmek\u013ca vietn\u0113s<\/h2>\n<p style=\"margin-top:15px;text-indent: 50px;\">M\u0113s izmantojam inform\u0101ciju, kas apkopota, izmantojot s\u012bkfailus m\u016bsu Klientu t\u012bmek\u013ca vietn\u0113s, lai padar\u012btu Pakalpojumus pat\u012bkam\u0101kus, uzlabotu Pakalpojumu funkcionalit\u0101ti un piel\u0101gotu saturu, ko m\u0113s jums par\u0101d\u0101m.<\/p>\n<h2 style=\"margin-top:15px;\">3.1. Stingri nepiecie\u0161am\u0101s s\u012bkdatnes<\/h2>\n<p style=\"margin-top:15px;text-indent: 50px;\">\u0160\u012bs s\u012bkdatnes ir b\u016btiskas, lai j\u016bs var\u0113tu p\u0101rvietoties t\u012bmek\u013ca vietn\u0113 un izmantot t\u0101s funkcijas. Bez \u0161iem s\u012bkfailiem nav iesp\u0113jams nodro\u0161in\u0101t j\u016bsu piepras\u012btos pakalpojumus (piem\u0113ram, navig\u0101ciju starp lap\u0101m).<\/p>\n<table class=\"tbl-cookies\">\n<thead>\n<tr style=\"font-weight:700;\">\n<th>S\u012bkdatnes nosaukums<\/th>\n<th>Uz\u0146\u0113m\u0113jas<\/th>\n<th>M\u0113r\u0137is<\/th>\n<th>Saglab\u0101\u0161anas periods<\/th>\n<th>Nepiecie\u0161am\u012bba<\/th>\n<\/tr>\n<\/thead>\n<tbody>\n<tr>\n<td>bxID<\/td>\n<td>Adbox.lv<\/td>\n<td>Pie\u0161\u0137ir unik\u0101lu lietot\u0101ja ID, ko ADBOX izmanto attiecin\u0101juma un p\u0101rskatu veido\u0161anas nol\u016bkos, k\u0101 ar\u012b lai piel\u0101gotu ieteikumus \u0161im konkr\u0113tajam lietot\u0101jam.<\/td>\n<td>1 gads<\/td>\n<td>Oblig\u0101ti<\/td>\n<\/tr>\n<\/tbody>\n<\/table>\n<h2 style=\"margin-top:15px;\">3.2. M\u0112R\u0136\u0112T\u0100S S\u012aKDATNES<\/h2>\n<p style=\"margin-top:15px;text-indent: 50px;\">Lai m\u016bsu partneri var\u0113tu r\u0101d\u012bt m\u016bsu pakalpojumu rekl\u0101mas; pieg\u0101d\u0101tu atbilsto\u0161as rekl\u0101mas cilv\u0113kiem, kuri var\u0113tu b\u016bt ieinteres\u0113ti citos pakalpojumos; nov\u0113rt\u0113tu rekl\u0101mu veiktsp\u0113ju un atteiktos no intere\u0161u rekl\u0101mu sa\u0146em\u0161anas, ja t\u0101 ir j\u016bsu izv\u0113le. M\u0113s neizmantojam iepriek\u0161 atz\u012bm\u0113tas r\u016bti\u0146as un sniedzam jums vien\u012bgo l\u0113mumu par to, vai pie\u0146emt \u0161os s\u012bkfailus vai tos noraid\u012bt. L\u016bdzu, \u0146emiet v\u0113r\u0101 ar\u012b to, ka jebkur\u0101 laik\u0101 varat atteikties no m\u0113r\u0137auditorijas atlases s\u012bkfailiem, mainot s\u012bkfailu preferences.<\/p>\n<table class=\"tbl-cookies\">\n<thead>\n<tr style=\"font-weight:700;\">\n<th>S\u012bkdatnes nosaukums<\/th>\n<th>Uz\u0146\u0113m\u0113jas<\/th>\n<th>M\u0113r\u0137is<\/th>\n<th>Saglab\u0101\u0161anas periods<\/th>\n<th>Nepiecie\u0161am\u012bba<\/th>\n<\/tr>\n<\/thead>\n<tbody>\n<tr>\n<td>bxDxxxx*<\/td>\n<td>Adbox.lv<\/td>\n<td>aizkaves s\u012bkfails &#8211; nodro\u0161ina displeja interv\u0101la funkcionalit\u0101ti.<\/td>\n<td>Atkar\u012bgs no rekl\u0101mas kampa\u0146as, bet ne vair\u0101k k\u0101 3 m\u0113ne\u0161i<\/td>\n<td>Neoblig\u0101ti<\/td>\n<\/tr>\n<tr>\n<td>bxCxxxx*<\/td>\n<td>Adbox.lv<\/td>\n<td>Ierobe\u017eojo\u0161ais s\u012bkfails &#8211; nodro\u0161ina displeja ierobe\u017eojuma funkcionalit\u0101ti.<\/td>\n<td>Atkar\u012bgs no rekl\u0101mas kampa\u0146as, bet ne vair\u0101k k\u0101 3 m\u0113ne\u0161i<\/td>\n<td>Neoblig\u0101ti<\/td>\n<\/tr>\n<tr>\n<td>bxCycxxxx*<\/td>\n<td>Adbox.lv<\/td>\n<td>pas\u016bt\u012bjuma s\u012bkfails &#8211; nodro\u0161ina displeja sec\u012bbas funkcionalit\u0101ti.<\/td>\n<td>60 min<\/td>\n<td>Neoblig\u0101ti<\/td>\n<\/tr>\n<tr>\n<td>bxGDxxxx*<\/td>\n<td>Adbox.lv<\/td>\n<td>\u0161\u0137\u0113rsizvietojuma aizkaves s\u012bkfails &#8211; nodro\u0161ina displeja interv\u0101la funkcionalit\u0101ti.<\/td>\n<td>Atkar\u012bgs no rekl\u0101mas kampa\u0146as, bet ne vair\u0101k k\u0101 3 m\u0113ne\u0161i<\/td>\n<td>Neoblig\u0101ti<\/td>\n<\/tr>\n<tr>\n<td>bxGCxxxx*<\/td>\n<td>Adbox.lv<\/td>\n<td>\u0161\u0137\u0113rsizvietojuma ierobe\u017eo\u0161anas s\u012bkfails &#8211; nodro\u0161ina displeja<\/td>\n<td>Atkar\u012bgs no rekl\u0101mas kampa\u0146as, bet ne vair\u0101k k\u0101 3 m\u0113ne\u0161i<\/td>\n<td>Neoblig\u0101ti<\/td>\n<\/tr>\n<\/tbody>\n<\/table>\n<h2 style=\"margin-top:15px;\">3.3. Izseko\u0161anas s\u012bkdatnes<\/h2>\n<table class=\"tbl-cookies\">\n<thead>\n<tr style=\"font-weight:700;\">\n<th>S\u012bkdatnes nosaukums<\/th>\n<th>Uz\u0146\u0113m\u0113jas<\/th>\n<th>M\u0113r\u0137is<\/th>\n<th>Saglab\u0101\u0161anas periods<\/th>\n<th>Nepiecie\u0161am\u012bba<\/th>\n<\/tr>\n<\/thead>\n<tbody>\n<tr>\n<td>Bxrtxxxx*<\/td>\n<td>Adbox.lv<\/td>\n<td>Atk\u0101rtotas m\u0113r\u0137auditorijas atlases s\u012bkfails &#8211; nodro\u0161ina funkcionalit\u0101ti, lai izsekotu lietot\u0101ju uzved\u012bbu (skat\u012bti vai noklik\u0161\u0137in\u0101ti uz rekl\u0101mas materi\u0101liem)<\/td>\n<td>1 gads<\/td>\n<td>Neoblig\u0101ti<\/td>\n<\/tr>\n<tr>\n<td>bxrga*<\/td>\n<td>Adbox.lv<\/td>\n<td>vecuma, dzimuma m\u0113r\u0137auditorijas atlases s\u012bkfails. V\u0113rt\u012bba &#8211; vecuma un dzimuma grupa.<\/td>\n<td>1 gads<\/td>\n<td>Neoblig\u0101ti<\/td>\n<\/tr>\n<\/tbody>\n<\/table>\n<h2 style=\"margin-top:25px;text-align:center;\">4. P\u0101rskat\u012bjumi un atjaunin\u0101jumi<\/h2>\n<p style=\"margin-top:15px;text-indent: 50px;\">M\u0113s regul\u0101ri p\u0101rskat\u0101m \u0161o Pazi\u0146ojumu un varam to atjaunin\u0101t jebkur\u0101 laik\u0101. Ja m\u0113s veiksim izmai\u0146as \u0161aj\u0101 dokument\u0101, m\u0113s main\u012bsim iepriek\u0161 nor\u0101d\u012bto datumu &#8220;P\u0113d\u0113joreiz atjaunin\u0101ts&#8221;. L\u016bdzu, regul\u0101ri p\u0101rskatiet \u0161o Pazi\u0146ojumu vai sekojiet l\u012bdzi jaunumiem Vietn\u0113.<\/p>\n<h2 style=\"margin-top:15px;\">4.1. Jaut\u0101jumi vai koment\u0101ri par \u0161o S\u012bkdat\u0146u politiku <\/h2>\n<p style=\"margin-top:15px;text-indent: 50px;\">Ja jums ir jaut\u0101jumi vai ba\u017eas par \u0161o pazi\u0146ojumu, vispirms sazinieties ar mums pa e-pastu. J\u016bs varat nos\u016bt\u012bt savus visp\u0101r\u012bgos jaut\u0101jumus un koment\u0101rus pa e-pastu <a href=\"mailto:info@adbox.lv\">info@adbox.lv<\/a><\/p>\n<p style=\"margin-top:35px;margin-bottom:35px;\">* xxxx \u2013 parametra main\u012bg\u0101 da\u013ca, kas \u0123ener\u0113jas autom\u0101tiski<\/p>\n<\/div>\n<p><\/p>","protected":false},"excerpt":{"rendered":"<p>S\u012bkdat\u0146u politika AD BOX ir digit\u0101lo mediju uz\u0146\u0113mums, kura juridisk\u0101 adrese ir: Matro\u017eu iela 15, 5. st\u0101vs, R\u012bga, LV-1048 Latvija (turpm\u0101k tekst\u0101 &#8220;AD BOX&#8221;, re\u0123istr\u0101cijas numurs: 40003987574, &#8220;M\u0113s&#8221; vai &#8220;Mums&#8221;). AD BOX ir \u0161\u012bs T\u012bmek\u013ca vietnes \u012bpa\u0161nieks un sniedz pakalpojumus izdev\u0113jiem, rekl\u0101mdev\u0113jiem un citiem uz\u0146\u0113mumiem (m\u016bsu &#8220;Klienti&#8221;), kas \u013cauj tiem pl\u0101not un \u012bstenot digit\u0101lo mediju [&hellip;]<\/p>\n","protected":false},"author":1,"featured_media":0,"parent":0,"menu_order":0,"comment_status":"closed","ping_status":"closed","template":"","meta":[],"_links":{"self":[{"href":"https:\/\/www.adbox.lv\/index.php?rest_route=\/wp\/v2\/pages\/5601"}],"collection":[{"href":"https:\/\/www.adbox.lv\/index.php?rest_route=\/wp\/v2\/pages"}],"about":[{"href":"https:\/\/www.adbox.lv\/index.php?rest_route=\/wp\/v2\/types\/page"}],"author":[{"embeddable":true,"href":"https:\/\/www.adbox.lv\/index.php?rest_route=\/wp\/v2\/users\/1"}],"replies":[{"embeddable":true,"href":"https:\/\/www.adbox.lv\/index.php?rest_route=%2Fwp%2Fv2%2Fcomments&post=5601"}],"version-history":[{"count":36,"href":"https:\/\/www.adbox.lv\/index.php?rest_route=\/wp\/v2\/pages\/5601\/revisions"}],"predecessor-version":[{"id":6528,"href":"https:\/\/www.adbox.lv\/index.php?rest_route=\/wp\/v2\/pages\/5601\/revisions\/6528"}],"wp:attachment":[{"href":"https:\/\/www.adbox.lv\/index.php?rest_route=%2Fwp%2Fv2%2Fmedia&parent=5601"}],"curies":[{"name":"wp","href":"https:\/\/api.w.org\/{rel}","templated":true}]}}