{"id":511,"date":"2021-11-26T11:00:10","date_gmt":"2021-11-26T08:00:10","guid":{"rendered":"http:\/\/www.adbox.lv\/?page_id=511"},"modified":"2021-12-16T15:41:05","modified_gmt":"2021-12-16T12:41:05","slug":"teh-noteikumi","status":"publish","type":"page","link":"https:\/\/www.adbox.lv\/?page_id=511","title":{"rendered":"Tehniskie noteikumi"},"content":{"rendered":"<p><\/p>\n<div style=\"margin-left:30px;margin-right:30px;margin-top:30px;\">\n<h1 style=\"text-align:center;\">Tehniskie noteikumi visiem rekl\u0101mas materi\u0101liem<\/h1>\n<p style=\"text-align:center;\"> SIA Adbox<\/p>\n<p style=\"text-align:right;\">15.10.2015<\/p>\n<hr style=\"margin: 0 auto;\"\/ >\n<\/p>\n<p style=\"font-size:16.5px;\">\n <a href=\"#1\"> Nodo\u0161anas termi\u0146\u0161<\/a><br \/>\n<a href=\"#2\"> Ska\u0146a<\/a><br \/>\n<a href=\"#3\">Kampa\u0146as links (URL)<\/a><br \/>\n<a href=\"#4\"> Banera svars<\/a><br \/>\n<a href=\"#5\"> HTML<\/a><br \/>\n<a href=\"#6\"> Video<\/a><br \/>\n<a href=\"#8\">Pras\u012bbas tre\u0161o pu\u0161u JS koda izvieto\u0161anai<\/a><\/p>\n<p><\/p>\n<hr style=\"margin: 0 auto;\"\/ >\n<\/p>\n<p><span id=\"1\"><\/span><\/p>\n<h2>Nodo\u0161anas termi\u0146\u0161<\/h2>\n<ul class=\"list-grey-arrow\" style=\"line-height:20px;padding:5px 5%;\">\n<li style=\"margin-bottom: 18px;\">Rekl\u0101mas elements ir j\u0101ies\u016bta <span style=\"color:#00518b;\">vismaz 3 (tr\u012bs) pilnas darba dienas<\/span> pirms t\u0101 ekspon\u0113\u0161anas s\u0101kuma. Ja tom\u0113r k\u0101du iemeslu d\u0113\u013c rekl\u0101mas materi\u0101li aizkav\u0113jas, tad p\u0113d\u0113jais termi\u0146\u0161, kad tehniski pareiziem materi\u0101liem j\u0101b\u016bt ats\u016bt\u012btiem ir <span style=\"color:#00518b;\"> l\u012bdz plkst. 16:00 p\u0113d\u0113j\u0101 darba dien\u0101 pirms ekspon\u0113\u0161anas.<\/span> Gad\u012bjum\u0101, ja tiek nokav\u0113ts v\u0113l\u0101kais noteiktais termi\u0146\u0161, materi\u0101lu sagatavo\u0161ana public\u0113\u0161anai var tikt p\u0101rcelta un n\u0101kamo darba dienu, tad\u0113j\u0101di aizkav\u0113jot kampa\u0146as s\u0101kumu. Kompens\u0101cija \u0161aj\u0101 gad\u012bjum\u0101 netiks pie\u0161\u0137irta.<\/li>\n<li style=\"margin-bottom: 18px;\">Ja baneris tehniski at\u0161\u0137iras no standarta risin\u0101juma, pirms t\u0101 realiz\u0101cijas, l\u016bdzu, preciz\u0113jiet tehnisk\u0101s pras\u012bbas konkr\u0113tajam risin\u0101jumam un saska\u0146ojiet t\u0101 izvieto\u0161anas iesp\u0113jam\u012bbu port\u0101l\u0101 Inbox.lv. Visiem nestandarta risin\u0101jumiem ir nepiecie\u0161ama papildus test\u0113\u0161ana re\u0101laj\u0101 vid\u0113, t\u0101p\u0113c banerim ir j\u0101b\u016bt ats\u016bt\u012btam 4 pilnas darba dienas pirms izvieto\u0161anas. Pret\u0113j\u0101 gad\u012bjum\u0101 Adbox.lv patur ties\u012bbas aizkav\u0113t kampa\u0146as s\u0101kumu bez kompens\u0101cijas pie\u0161\u0137ir\u0161anas, uz termi\u0146u, kas ir nepiecie\u0161ams materi\u0101lu test\u0113\u0161anai un palai\u0161anai.<\/li>\n<\/ul>\n<p><span id=\"2\"><\/span><\/p>\n<h2>Ska\u0146a<\/h2>\n<ul class=\"list-grey-arrow\" style=\"line-height:20px;padding:5px 5%;\">\n<li style=\"margin-bottom: 18px;\">Ska\u0146as efektu izmanto\u0161ana Flash banner\u012b ir pie\u013caujama tikai p\u0113c saska\u0146o\u0161anas ar Adbox.lv. Gad\u012bjum\u0101, ja ska\u0146a tiek izmantota, banner\u012b ir j\u0101b\u016bt iestr\u0101d\u0101tai pogai, kas to izsl\u0113dz\/ iesl\u0113dz.<\/li>\n<\/ul>\n<p><span id=\"3\"><\/span><\/p>\n<h2>Kampa\u0146as links (URL)<\/h2>\n<ul class=\"list-grey-arrow\" style=\"line-height:20px;padding:5px 5%;\">\n<li style=\"margin-bottom: 18px;\">Linkam j\u0101b\u016bt saist\u012btam tikai ar rekl\u0101mas kampa\u0146as web lapu. Veidojot linku, ir ieteicams izmantot tikai lat\u012b\u0146u burtus. P\u0113c klika uz banneri linkam j\u0101atver\u0101s jaunaj\u0101 log\u0101.<\/li>\n<\/ul>\n<p><span id=\"4\"><\/span><\/p>\n<h2>Banera svars (KB)<\/h2>\n<ul class=\"list-grey-arrow\" style=\"line-height:20px;padding:5px 5%;\">\n<li style=\"margin-bottom: 18px;\">Stingri j\u0101iev\u0113ro banera svars, kas ir defin\u0113ts banera tehniskajos noteikumos.<\/li>\n<\/ul>\n<p><\/p>\n<h2>Banera tehniskie noteikumi:<\/h2>\n<ul class=\"list-grey-arrow\" style=\"line-height:20px;padding:5px 5%;\">\n<li style=\"margin-bottom: 18px;\">Aktu\u0101lie tehniskie noteikumi ir pieejami <a href=\"\/\/www.adbox.lv\/?page_id=5274&#038;lang=lv\" target=\"_blank\" rel=\"noopener\">\u0161eit <\/a>.<\/li>\n<\/ul>\n<p><\/p>\n<p style=\"text-align:center;\"><img src=\"\/\/www.adbox.lv\/wp-content\/uploads\/TehniskaSpecifikacija.jpg\" alt=\"Tehniskie noteikumi\"><\/p>\n<p><\/p>\n<p><span id=\"5\"><\/span><\/p>\n<h2>Pras\u012bbas HTML baneriem<\/h2>\n<ul class=\"list-grey-arrow\" style=\"line-height:20px;padding:5px 5%;\">\n<li style=\"margin-bottom: 18px;\">HTML kodam ir j\u0101b\u016bt uzrakst\u012btam atbilsto\u0161i visiem HTML standartiem. Adbox.lv nenes atbild\u012bbu par situ\u0101cij\u0101m, ja nepareiz\u0101 koda d\u0113\u013c, da\u017e\u0101s p\u0101rl\u016bkprogramm\u0101s baneris atspogu\u013cosies nekorekti. Koda pareiz\u012bbu var p\u0101rbaud\u012bt lap\u0101: <a href=\"\/\/validator.w3.org\/#validate_by_input\" target=\"_blank\" rel=\"noopener\">\/\/validator.w3.org\/#validate_by_input<\/a><\/li>\n<\/ul>\n<p style=\"font-size:16.5px;font-weight:bold;\">Faila form\u0101ti<\/p>\n<p><\/p>\n<p style=\"font-size:16.5px;font-weight:bold;\">1) .ZIP<\/p>\n<p style=\"font-size:16.5px;\">.ZIP arh\u012bv\u0101 ir j\u0101b\u016bt rekl\u0101mas risin\u0101juma .HTML failam, k\u0101 ar\u012b ir at\u013cauts izmantot \u0161\u0101dus failu tipus:<\/p>\n<p><\/p>\n<ul class=\"list-grey-arrow\" style=\"line-height:20px;padding:5px 5%;\">\n<li style=\"margin-bottom: 18px;\">.CSS<\/li>\n<li style=\"margin-bottom: 18px;\">.JS<\/li>\n<li style=\"margin-bottom: 18px;\">.HTML<\/li>\n<li style=\"margin-bottom: 18px;\">.GIF<\/li>\n<li style=\"margin-bottom: 18px;\"> .PNG<\/li>\n<li style=\"margin-bottom: 18px;\"> .JPG<\/li>\n<li style=\"margin-bottom: 18px;\">.JPEG<\/li>\n<li style=\"margin-bottom: 18px;\">.SVG<\/li>\n<\/ul>\n<p style=\"font-size:16.5px;font-weight:bold;\">2) .HTML<\/p>\n<p style=\"font-size:16.5px;font-weight:bold;\">Failu skaits un strukt\u016bra<\/p>\n<ul class=\"list-grey-arrow\" style=\"line-height:20px;padding:5px 5%;\">\n<li style=\"margin-bottom: 18px;\">S\u016btamo failu skaitam j\u0101atbilst baneru risin\u0101jumu skaitam. Piem\u0113ram, ja ir tikai viens kreat\u012bvs latvie\u0161u valod\u0101, tad ats\u016bt\u012btam j\u0101b\u016bt 1 failam \u2013 .HTML vai .ZIP. Ja ir paredz\u0113ti divi kreat\u012bvi \u2013 latvie\u0161u un krievu valod\u0101, tad katrai valodai j\u0101ats\u016bta savs fails \u2013 LAT.zip vai LAT.html un RU.zip vai RU.html.<\/li>\n<li style=\"margin-bottom: 18px;\">Kop\u0101 ar baneru risin\u0101jumiem j\u0101ies\u016bta landing page URLu dom\u0113nu.<\/li>\n<\/ul>\n<p><\/p>\n<p style=\"font-size:16.5px;\">Ja tiek ies\u016bt\u012bts .ZIP arh\u012bvs:<\/p>\n<ul class=\"list-grey-arrow\" style=\"line-height:20px;padding:5px 5%;\">\n<li style=\"margin-bottom: 18px;\">kop\u0113jais failu skaits arh\u012bv\u0101 nedr\u012bkst p\u0101rsniegt 15;<\/li>\n<li style=\"margin-bottom: 18px;\">dr\u012bkst b\u016bt tikai viens fails ar papla\u0161in\u0101jumu .HTML;\n<li>\n<li style=\"margin-bottom: 18px;\"> .HTML failu stingri rekomend\u0113ts nosaukt par index.html, vai izmantot citu piem\u0113rotu un \u012bsu nosaukumu;<\/li>\n<li style=\"margin-bottom: 18px;\">nav v\u0113lams lietot t\u0101dus nosaukumus, uz kuriem rea\u0123\u0113 rekl\u0101mu blo\u0137\u0113jo\u0161\u0101s programmas, piem\u0113ram, ads.html;<\/li>\n<li style=\"margin-bottom: 18px;\">atarhiv\u0113jot .ZIP failu, pirmaj\u0101 l\u012bmen\u012b ir j\u0101b\u016bt pieejamam risin\u0101juma .HTML failam, nedr\u012bkst pasl\u0113pt .HTML failu cit\u0101s map\u0113s.<\/li>\n<\/ul>\n<p><\/p>\n<p style=\"font-size:16.5px;font-weight:bold;\">Izm\u0113rs<\/p>\n<ul class=\"list-grey-arrow\" style=\"line-height:20px;padding:5px 5%;\">\n<li style=\"margin-bottom: 18px;\">Atbilsto\u0161i banera risin\u0101jumam, kuram tiek gatavots .HTML kods.<\/li>\n<\/ul>\n<p><\/p>\n<p style=\"font-size:16.5px;font-weight:bold;\">Svars<\/p>\n<ul class=\"list-grey-arrow\" style=\"line-height:20px;padding:5px 5%;\">\n<li style=\"margin-bottom: 18px;\">L\u012bdz 300 KB visiem banera elementiem kop\u0101 atarhiv\u0113t\u0101 veid\u0101, bild\u0113m \u2013 max 150KB.<\/li>\n<\/ul>\n<p><\/p>\n<p style=\"font-size:16.5px;font-weight:bold;\">Links (URL) un klik\u0161\u0137u uzskaite<\/p>\n<ul class=\"list-grey-arrow\" style=\"line-height:20px;padding:5px 5%;\">\n<li style=\"margin-bottom: 18px;\"> Landing page linkiem ir j\u0101b\u016bt iestr\u0101d\u0101tiem banera kod\u0101. Ja tiek izmantoti tre\u0161\u0101s puses klik\u0161\u0137u skait\u012b\u0161anas skripti, tiem ir j\u0101b\u016bt iestr\u0101d\u0101tiem banera kod\u0101.<\/li>\n<li style=\"margin-bottom: 18px;\">Landing page linku skaits nav ierobe\u017eots.<\/li>\n<li style=\"margin-bottom: 18px;\">Visiem linkiem j\u0101ved uz vienu dom\u0113nu. Ja .HTML fails satur linkus uz da\u017e\u0101diem dom\u0113niem, par to ir j\u0101pazi\u0146o baneru administratoram, rakstot uz <a href=\"mailto:ads@adbox.lv\">ads@adbox.lv<\/a>. Pret\u0113j\u0101 gad\u012bjum\u0101 visi linki atv\u0113rs viena dom\u0113na lapas (no tiem, kas ir pieejami .HTML kod\u0101).<\/li>\n<li style=\"margin-bottom: 18px;\">Standarta situ\u0101cij\u0101s Adbox.lv baneru-apmai\u0146as sist\u0113m\u0101 tiks uzskait\u012bts kop\u0113jais klik\u0161\u0137u apjoms no visiem landing page URLiem.<\/li>\n<li style=\"margin-bottom: 18px;\">Linkam j\u0101b\u016bt saist\u012btam tikai ar rekl\u0101mas kampa\u0146as web lapu. Veidojot linku, ir ieteicams izmantot tikai lat\u012b\u0146u burtus. P\u0113c klik\u0161\u0137a uz baneri linkam j\u0101atveras jaunaj\u0101 log\u0101.<\/li>\n<\/ul>\n<p><\/p>\n<p style=\"font-size:16.5px;font-weight:bold;\">\u0100r\u0113jie resursi un tre\u0161o pu\u0161u statistikas izseko\u0161anas kodi<\/p>\n<ul class=\"list-grey-arrow\" style=\"line-height:20px;padding:5px 5%;\">\n<li style=\"margin-bottom: 18px;\">.HTML kod\u0101 ir at\u013cauts ievietot URLus uz \u0101r\u0113jiem avotiem. Ar\u012b statistikas izseko\u0161anai kodiem ir j\u0101b\u016bt iestr\u0101d\u0101tiem banera kod\u0101. \u0160\u0101dos gad\u012bjumos ir oblig\u0101ti j\u0101iev\u0113ro dro\u0161\u012bbas pras\u012bbas:<\/li>\n<li style=\"margin-bottom: 18px;\">Linkiem uz skriptiem, .CSS un att\u0113liem j\u0101atbilst SSL standartam, t.i., j\u0101s\u0101kas ar HTTPS:\/\/ vai ar\u012b j\u0101izmanto attiec\u012bb\u0101 pret protokolu relat\u012bv\u0101s saites.<\/li>\n<\/ul>\n<p><\/p>\n<p style=\"font-size:16.5px;font-weight:bold;\">Koda pareiz\u012bba un banera atspogu\u013cojums<\/p>\n<ul class=\"list-grey-arrow\" style=\"line-height:20px;padding:5px 5%;\">\n<li style=\"margin-bottom: 18px;\">HTML kodam ir j\u0101b\u016bt uzrakst\u012btam atbilsto\u0161i visiem HTML standartiem.<\/li>\n<li style=\"margin-bottom: 18px;\">SIA Adbox negarant\u0113 vien\u0101du un korektu banera satura atspogu\u013cojumu da\u017e\u0101d\u0101s p\u0101rl\u016bkprogramm\u0101s, veidojot banera HTML kodu ir j\u0101p\u0101rliecin\u0101s, ka tas korekti atspogu\u013cojas vis\u0101s popul\u0101raj\u0101s p\u0101rl\u016bkprogramm\u0101s. Piem\u0113ram, Firefox39.0+\/MSIE 9.0+\/Chrome 44.0+\/Safari 7.0 +.<\/li>\n<li style=\"margin-bottom: 18px;\">Veidojot html risin\u0101jumu mobilaj\u0101m ier\u012bc\u0113m, kod\u0101 ir j\u0101b\u016bt realiz\u0113tai Izm\u0113ru piel\u0101go\u0161anai.<\/li>\n<\/ul>\n<p><\/p>\n<p><span id=\"6\"><\/span><\/p>\n<h2>Pras\u012bbas Video baneriem<\/h2>\n<ul class=\"list-grey-arrow\" style=\"line-height:20px;padding:5px 5%;\">\n<li style=\"margin-bottom: 18px;\"><span style=\"font-weight:bold;\">Konteineris:<\/span> MP4.<\/li>\n<li style=\"margin-bottom: 18px;\"><span style=\"font-weight:bold;\">Video:<\/span> H.264<\/li>\n<li style=\"margin-bottom: 18px;\"><span style=\"font-weight:bold;\">Profils:<\/span> Baseline Profile (rekomend\u0113jamais), Main, High.<\/li>\n<li style=\"margin-bottom: 18px;\"><span style=\"font-weight:bold;\">Scan type:<\/span> Progressive. Interlaced faili ir oblig\u0101ti j\u0101p\u0101rkod\u0113.<\/li>\n<li style=\"margin-bottom: 18px;\"><span style=\"font-weight:bold;\">Ska\u0146a:<\/span> AAC<\/li>\n<li style=\"margin-bottom: 18px;\"><span style=\"font-weight:bold;\">Poster bilde:<\/span> j\u0101b\u016bt ats\u016bt\u012btai ar\u012b bildei, kas tiks par\u0101d\u012bta, kam\u0113r video tiek iel\u0101d\u0113ts vai ja video atbalsta lap\u0101 nav.<\/li>\n<\/ul>\n<p><\/p>\n<p><span id=\"8\"><\/span><\/p>\n<h2>Pras\u012bbas tre\u0161o pu\u0161u JS koda izvieto\u0161anai<\/h2>\n<p style=\"font-size:16.5px;font-weight:bold;\">Lai kodi tiktu izvietoti, tiem ir j\u0101atbilst \u0161\u0101d\u0101m pras\u012bb\u0101m:<\/p>\n<ul class=\"list-grey-arrow\" style=\"line-height:20px;padding:5px 5%;\">\n<li style=\"margin-bottom: 18px;\">JS kodam ir j\u0101izpild\u0101s bez k\u013c\u016bd\u0101m, j\u0101b\u016bt pareizi sintaksiski uzrakst\u012btam, vai ar\u012b j\u0101nodro\u0161ina k\u013c\u016bdu pasl\u0113p\u0161ana, piem\u0113ram, izmantojot window.onerror funkcionalit\u0101ti. Piem\u0113rs:<br \/>\n<span style=\"color:grey;font-family:Courier New;font-size:16px;\"><br \/>\n          &lsaquo;script type=&#8221;text\/javascript&#8221;&rsaquo; window.onerror = function ()<br \/>\n           {return true}<br \/>\n            &lsaquo;\/script&rsaquo;<\/span>\n    <\/li>\n<li style=\"margin-bottom: 18px;\">\u0100r\u0113jas JS bibliot\u0113kas ir j\u0101pievieno dinamiski \u2013 neizmantojot <span style=\"color:grey;font-family:arial;\">\u201e&lsaquo;script src = &#8216; other.js &#8216;&rsaquo;&lsaquo; \/ script&rsaquo;\u201d.<\/span><\/li>\n<li style=\"margin-bottom: 18px;\">Aizliegts izmantot <span style=\"color:grey;font-family:Courier New;font-size:16px;\">\u201eeval\u201d<\/span> un <span style=\"color:grey;font-family:Courier New;font-size:16px;\">\u201edocument.write\u201d<\/span> funkcijas. Iz\u0146\u0113mums ir serv\u0113\u0161anas skripti, kurus ir iesp\u0113jams ievietot <span style=\"color:grey;font-family:arial;\">&lsaquo;iframe&rsaquo;<\/span>.<\/li>\n<\/ul>\n<p><\/p>\n<p style=\"font-size:16.5px;font-weight:bold;\">Papildus v\u0113lams:<\/p>\n<ul class=\"list-grey-arrow\" style=\"line-height:20px;padding:5px 5%;\">\n<li style=\"margin-bottom: 18px;\">Nodro\u0161in\u0101t, lai p\u0101rl\u016bks neke\u0161otu statistikas uzskaites koda piepras\u012bjumus. Piem\u0113ram, ja \u0161im nol\u016bkam tiek izmantots <span style=\"color:grey;font-family:Courier New;font-size:16px;\">&lsaquo;img&rsaquo;<\/span> elements, ir j\u0101nodro\u0161ina, lai katram piepras\u012bjumam (img linkam) tiktu pievienots unik\u0101ls parametrs, piem\u0113ram, timestamp.<\/li>\n<\/ul>\n<ul style=\"line-height:20px;padding:5px 5%;\">\n<li style=\"margin-bottom: 18px;\">Serv\u0113t\u0101jiem ir j\u0101nodro\u0161ina, lai kreat\u012bva pieg\u0101des laiks lietot\u0101jam caur serv\u0113\u0161anas kodu nep\u0101rsniegtu 200ms.<\/li>\n<\/ul>\n<p><\/p>\n<\/div>\n<p><\/p>","protected":false},"excerpt":{"rendered":"<p>Tehniskie noteikumi visiem rekl\u0101mas materi\u0101liem SIA Adbox 15.10.2015 Nodo\u0161anas termi\u0146\u0161 Ska\u0146a Kampa\u0146as links (URL) Banera svars HTML Video Pras\u012bbas tre\u0161o pu\u0161u JS koda izvieto\u0161anai Nodo\u0161anas termi\u0146\u0161 Rekl\u0101mas elements ir j\u0101ies\u016bta vismaz 3 (tr\u012bs) pilnas darba dienas pirms t\u0101 ekspon\u0113\u0161anas s\u0101kuma. Ja tom\u0113r k\u0101du iemeslu d\u0113\u013c rekl\u0101mas materi\u0101li aizkav\u0113jas, tad p\u0113d\u0113jais termi\u0146\u0161, kad tehniski pareiziem materi\u0101liem [&hellip;]<\/p>\n","protected":false},"author":1,"featured_media":0,"parent":15,"menu_order":0,"comment_status":"closed","ping_status":"closed","template":"","meta":[],"_links":{"self":[{"href":"https:\/\/www.adbox.lv\/index.php?rest_route=\/wp\/v2\/pages\/511"}],"collection":[{"href":"https:\/\/www.adbox.lv\/index.php?rest_route=\/wp\/v2\/pages"}],"about":[{"href":"https:\/\/www.adbox.lv\/index.php?rest_route=\/wp\/v2\/types\/page"}],"author":[{"embeddable":true,"href":"https:\/\/www.adbox.lv\/index.php?rest_route=\/wp\/v2\/users\/1"}],"replies":[{"embeddable":true,"href":"https:\/\/www.adbox.lv\/index.php?rest_route=%2Fwp%2Fv2%2Fcomments&post=511"}],"version-history":[{"count":5,"href":"https:\/\/www.adbox.lv\/index.php?rest_route=\/wp\/v2\/pages\/511\/revisions"}],"predecessor-version":[{"id":5790,"href":"https:\/\/www.adbox.lv\/index.php?rest_route=\/wp\/v2\/pages\/511\/revisions\/5790"}],"up":[{"embeddable":true,"href":"https:\/\/www.adbox.lv\/index.php?rest_route=\/wp\/v2\/pages\/15"}],"wp:attachment":[{"href":"https:\/\/www.adbox.lv\/index.php?rest_route=%2Fwp%2Fv2%2Fmedia&parent=511"}],"curies":[{"name":"wp","href":"https:\/\/api.w.org\/{rel}","templated":true}]}}