{"id":3,"date":"2021-11-26T07:44:13","date_gmt":"2021-11-26T07:44:13","guid":{"rendered":"http:\/\/www.adbox.lv\/?page_id=2"},"modified":"2021-12-01T18:29:45","modified_gmt":"2021-12-01T15:29:45","slug":"sample-page","status":"publish","type":"page","link":"https:\/\/www.adbox.lv\/","title":{"rendered":"Galven\u0101"},"content":{"rendered":"<p><\/p>\n<div class=\"parMums\">\n<h1>Kas ir Adbox?<\/h1>\n<p><\/br><\/p>\n<div class=\"sepLine\"><\/div>\n<p>            <span style=\"font-weight:bold;font-size:26px;\">Kop\u0161 darb\u012bbas uzs\u0101k\u0161anas 2014.gad\u0101, Adbox ir k\u013cuvis par veiksm\u012bgu un strauji augo\u0161u digit\u0101l\u0101s rekl\u0101mas uz\u0146\u0113mumu Latvij\u0101, ie\u0146emot stabilu poz\u012bciju interneta rekl\u0101mas tirg\u016b.<\/span><\/p>\n<div class=\"break\"><\/div>\n<div style=\"display:block;float:left;padding-left:5%;\"><img src=\"\/\/www.adbox.lv\/wp-content\/uploads\/LVKarte2.png\" alt=\"Grafiska Latvijas karte\" style=\" max-height: auto;\"\/><\/div>\n<div class=\"rightColumn\">\n                <\/p>\n<p style=\"font-size:26px;color:#fff;font-weight:bold;\">AdBox priek\u0161roc\u012bbas<\/p>\n<p><\/p>\n<ul style=\"font-size:24px;color:#fff;line-height:30px;\">\n<li style=\"margin-bottom: 18px;\">Stabili un uzticami sadarb\u012bbas partneri.<\/li>\n<li style=\"margin-bottom: 18px;\">Tehnolo\u0123iski sp\u0113c\u012bga baneru serv\u0113\u0161anas platforma.<\/li>\n<li style=\"margin-bottom: 18px;\">Pla\u0161s atbalst\u0101mo risin\u0101jumu kl\u0101sts &#8211;  Standarta rekl\u0101mas risin\u0101jumi, Dinamiskie risin\u0101jumi,  Video risin\u0101jumi, Mobil\u0101 rekl\u0101ma (tai skait\u0101 adapt\u012bvie baneri un video).<\/li>\n<li style=\"margin-bottom: 18px;\">Pieredz\u0113jusi komanda, kas sp\u0113j rast risin\u0101jumus atbilsto\u0161i rekl\u0101mdev\u0113ja v\u0113lm\u0113m un iesp\u0113j\u0101m.<\/li>\n<li style=\"margin-bottom: 18px;\">\u0112rta un caursp\u012bd\u012bga nor\u0113\u0137inu sist\u0113ma.<\/li><\/div>\n<p>        <br clear=\"all\" \/>\n<\/div>\n<div class=\"mainContent\">\n<h1>Ko m\u0113s pied\u0101v\u0101jam<\/h1>\n<p><\/p>\n<div class=\"sepLine\"><\/div>\n<div class=\"colHolder\">\n<div class=\"column2\">\n       \t\t <span style=\"font-weight:bold;font-size:26px;\">Partneriem<\/span><\/p>\n<ul class=\"list-grey-arrow\"  style=\"font-size:24px;line-height:30px;padding:25px 8%;\">\n<li style=\"margin-bottom: 18px;\">Platformu, kas pal\u012bdz\u0113s g\u016bt ien\u0101kumus no visa pieejam\u0101 ekspoz\u012bciju apjoma.<\/li>\n<li style=\"margin-bottom: 18px;\">\u0112rtu nor\u0113\u0137inu sist\u0113mu.<\/li>\n<li style=\"margin-bottom: 18px;\">Tehnisko un p\u0101rdo\u0161anas atbalstu.<\/li>\n<li style=\"margin-bottom: 18px;font-weight:bold;\"><a style=\"font-size:24px;\" href=\"\/\/www.adbox.lv\/?page_id=31\">Vair\u0101k&#8230;<\/a><\/li>\n<\/ul>\n<p><\/p>\n<div style=\"margin-left:100px;\"><img src=\"\/\/www.adbox.lv\/wp-content\/uploads\/STAMP_2.png\" alt=\"AdBox grafisks z\u012bmogs\"\/><\/div>\n<\/p><\/div>\n<div class=\"column1\">\n       \t\t<span style=\"font-weight:bold;font-size:26px;\">Rekl\u0101mdev\u0113jiem<\/span><\/p>\n<ul class=\"list-grey-arrow\" style=\"font-size:24px;line-height:30px;padding:25px 8%;\">\n<li style=\"margin-bottom: 18px;\">Pla\u0161\u0101ko rekl\u0101mas risin\u0101jumu izv\u0113li.<\/li>\n<li style=\"margin-bottom: 18px;\">Unik\u0101lu risin\u0101jumu izstr\u0101di.<\/li>\n<li style=\"margin-bottom: 18px;\">Pla\u0161as segment\u0101cijas iesp\u0113jas.<\/li>\n<li style=\"margin-bottom: 18px;\">Re\u0101l\u0101 laika statistiku.<\/li>\n<li style=\"margin-bottom: 18px;font-weight:bold;\"><a style=\"font-size:24px;\" href=\"\/\/www.adbox.lv\/?page_id=15\">Vair\u0101k&#8230;<\/a><\/li>\n<\/ul><\/div>\n<\/p><\/div>\n<p>   <br clear=\"all\" \/><br \/>\n   <br style=\"padding:15px\" \/><\/div>\n<\/p><\/div>\n<\/div>\n<p>   \t\t\t<!--h1>Partneri<\/h1>\n\n<\/br--><br \/>\n<!--div class=\"cwrp\"--><br \/>\n<!--div class=\"product-images-controls\"><\/div-->\n<!--div class=\"col12\" id=\"product-images\"--><br \/>\n<!--div class=\"product-image\"><img alt=\"-\" src=\"\/\/www.adbox.lv\/wp-content\/uploads\/megogo.png\" \/><\/div-->\n<!--div class=\"product-image\"><img alt=\"-\" src=\"\/\/www.adbox.lv\/wp-content\/uploads\/apollo.png\" \/><\/div-->\n<!--div class=\"product-image\"><img alt=\"-\" src=\"\/\/www.adbox.lv\/wp-content\/uploads\/eklase.png\" \/><\/div-->\n<!--div class=\"product-image\"><img alt=\"-\" src=\"\/\/www.adbox.lv\/wp-content\/uploads\/tvnet.png\" \/><\/div-->\n<!--div class=\"product-image\"><img alt=\"-\" src=\"\/\/www.adbox.lv\/wp-content\/uploads\/mamamuntestiem.png\" \/><\/div-->\n<!--div class=\"product-image\"><img alt=\"-\" src=\"\/\/www.adbox.lv\/wp-content\/uploads\/sejas.png\" \/><\/div-->\n<!--div class=\"product-image\"><img alt=\"-\" src=\"\/\/www.adbox.lv\/wp-content\/uploads\/nra.png\" \/><\/div-->\n<!--div class=\"product-image\"><img alt=\"-\" src=\"\/\/www.adbox.lv\/wp-content\/uploads\/otkryto.png\" \/><\/div-->\n<!--div class=\"product-image\"><img alt=\"-\" src=\"\/\/www.adbox.lv\/wp-content\/uploads\/cosmo.png\" \/><\/div-->\n<!--div class=\"product-image\"><img alt=\"-\" src=\"\/\/www.adbox.lv\/wp-content\/uploads\/la.png\" \/><\/div-->\n<!--div class=\"product-image\"><img alt=\"-\" src=\"\/\/www.adbox.lv\/wp-content\/uploads\/1188.png\" \/><\/div-->\n<!--div class=\"product-image\"><img alt=\"-\" src=\"\/\/www.adbox.lv\/wp-content\/uploads\/cv.png\" \/><\/div-->\n<!--div class=\"product-image\"><img alt=\"-\" src=\"\/\/www.adbox.lv\/wp-content\/uploads\/spoki.png\" \/><\/div-->\n<!--div class=\"product-image\"><img alt=\"-\" src=\"\/\/www.adbox.lv\/wp-content\/uploads\/receptes.png\" \/><\/div-->\n<!--div class=\"product-image\"><img alt=\"-\" src=\"\/\/www.adbox.lv\/wp-content\/uploads\/diena.png\" \/><\/div-->\n<!--div class=\"product-image\"><img alt=\"-\" src=\"\/\/www.adbox.lv\/wp-content\/uploads\/lsm.png\" \/><\/div-->\n<!--div class=\"product-image\"><img alt=\"-\" src=\"\/\/www.adbox.lv\/wp-content\/uploads\/kasjauns.png\" \/><\/div-->\n<!--div class=\"product-image\"><img alt=\"-\" src=\"\/\/www.adbox.lv\/wp-content\/uploads\/gorod.png\" \/><\/div-->\n<!--div class=\"product-image\"><img alt=\"-\" src=\"\/\/www.adbox.lv\/wp-content\/uploads\/ss.png\" \/><\/div-->\n<\/div>\n<\/div>\n<\/div>\n<p><\/p>","protected":false},"excerpt":{"rendered":"<p>Kas ir Adbox? Kop\u0161 darb\u012bbas uzs\u0101k\u0161anas 2014.gad\u0101, Adbox ir k\u013cuvis par veiksm\u012bgu un strauji augo\u0161u digit\u0101l\u0101s rekl\u0101mas uz\u0146\u0113mumu Latvij\u0101, ie\u0146emot stabilu poz\u012bciju interneta rekl\u0101mas tirg\u016b. AdBox priek\u0161roc\u012bbas Stabili un uzticami sadarb\u012bbas partneri. Tehnolo\u0123iski sp\u0113c\u012bga baneru serv\u0113\u0161anas platforma. Pla\u0161s atbalst\u0101mo risin\u0101jumu kl\u0101sts &#8211; Standarta rekl\u0101mas risin\u0101jumi, Dinamiskie risin\u0101jumi, Video risin\u0101jumi, Mobil\u0101 rekl\u0101ma (tai skait\u0101 adapt\u012bvie baneri [&hellip;]<\/p>\n","protected":false},"author":1,"featured_media":0,"parent":0,"menu_order":0,"comment_status":"closed","ping_status":"open","template":"","meta":[],"_links":{"self":[{"href":"https:\/\/www.adbox.lv\/index.php?rest_route=\/wp\/v2\/pages\/3"}],"collection":[{"href":"https:\/\/www.adbox.lv\/index.php?rest_route=\/wp\/v2\/pages"}],"about":[{"href":"https:\/\/www.adbox.lv\/index.php?rest_route=\/wp\/v2\/types\/page"}],"author":[{"embeddable":true,"href":"https:\/\/www.adbox.lv\/index.php?rest_route=\/wp\/v2\/users\/1"}],"replies":[{"embeddable":true,"href":"https:\/\/www.adbox.lv\/index.php?rest_route=%2Fwp%2Fv2%2Fcomments&post=3"}],"version-history":[{"count":1,"href":"https:\/\/www.adbox.lv\/index.php?rest_route=\/wp\/v2\/pages\/3\/revisions"}],"predecessor-version":[{"id":5609,"href":"https:\/\/www.adbox.lv\/index.php?rest_route=\/wp\/v2\/pages\/3\/revisions\/5609"}],"wp:attachment":[{"href":"https:\/\/www.adbox.lv\/index.php?rest_route=%2Fwp%2Fv2%2Fmedia&parent=3"}],"curies":[{"name":"wp","href":"https:\/\/api.w.org\/{rel}","templated":true}]}}